{"id":727,"date":"2025-11-17T20:05:56","date_gmt":"2025-11-17T19:05:56","guid":{"rendered":"https:\/\/victoria-vercorin.com\/wordpress\/contact\/"},"modified":"2025-11-18T14:51:07","modified_gmt":"2025-11-18T13:51:07","slug":"contact","status":"publish","type":"page","link":"https:\/\/victoria-vercorin.com\/en\/contact\/","title":{"rendered":"Contact"},"content":{"rendered":"\t\t<div data-elementor-type=\"wp-page\" data-elementor-id=\"727\" class=\"elementor elementor-727 elementor-590\" data-elementor-post-type=\"page\">\n\t\t\t\t<div class=\"elementor-element elementor-element-670075ab e-con-full e-flex e-con e-parent\" data-id=\"670075ab\" data-element_type=\"container\" data-e-type=\"container\" data-settings=\"{&quot;background_background&quot;:&quot;classic&quot;,&quot;jet_parallax_layout_list&quot;:[]}\">\n\t\t\t\t<div class=\"elementor-element elementor-element-33b906fe elementor-widget elementor-widget-heading\" data-id=\"33b906fe\" data-element_type=\"widget\" data-e-type=\"widget\" data-widget_type=\"heading.default\">\n\t\t\t\t\t<h3 class=\"elementor-heading-title elementor-size-default\">Contact<\/h3>\t\t\t\t<\/div>\n\t\t\t\t<\/div>\n\t\t<div class=\"elementor-element elementor-element-e112976 e-flex e-con-boxed e-con e-parent\" data-id=\"e112976\" data-element_type=\"container\" data-e-type=\"container\" data-settings=\"{&quot;jet_parallax_layout_list&quot;:[]}\">\n\t\t\t\t\t<div class=\"e-con-inner\">\n\t\t<div class=\"elementor-element elementor-element-3e77fef e-con-full e-flex e-con e-child\" data-id=\"3e77fef\" data-element_type=\"container\" data-e-type=\"container\" data-settings=\"{&quot;jet_parallax_layout_list&quot;:[]}\">\n\t\t\t\t<div class=\"elementor-element elementor-element-35b19a7 elementor-widget elementor-widget-text-editor\" data-id=\"35b19a7\" data-element_type=\"widget\" data-e-type=\"widget\" data-widget_type=\"text-editor.default\">\n\t\t\t\t\t\t\t\t\t<div class=\"elementor-element elementor-element-56a8f950 elementor-view-default elementor-position-top elementor-widget elementor-widget-themo-header\" data-id=\"56a8f950\" data-element_type=\"widget\" data-widget_type=\"themo-header.default\"><div class=\"elementor-widget-container\"><div class=\"th-header-wrap\"><div class=\"elementor-icon-box-wrapper \"><div class=\"elementor-icon-box-content\"><h3 class=\"elementor-icon-box-title\"><span style=\"text-decoration: underline;\">Adress<\/span><\/h3><p class=\"elementor-icon-box-description\">Victoria Retreat &amp; Spa Rue Centrale, 5 CH- 3967 Vercorin<\/p><p>T\u00e9l\u00e9phone : <a href=\"tel:+41275659013\">+41 (0)27 565 90 13<\/a><\/p><p>Email : <a href=\"mailto:info@victoria-vercorin.com\">Info@victoria-vercorin.com<\/a><\/p><p>Free parking behind the hotel, subject to availability<\/p><\/div><\/div><\/div><\/div><\/div><div class=\"elementor-element elementor-element-1abdf44b elementor-widget elementor-widget-spacer\" data-id=\"1abdf44b\" data-element_type=\"widget\" data-widget_type=\"spacer.default\"><div class=\"elementor-widget-container\"><div class=\"elementor-spacer\"><div class=\"elementor-spacer-inner\"> <\/div><\/div><\/div><\/div><div class=\"elementor-element elementor-element-783015f3 elementor-view-default elementor-position-top elementor-widget elementor-widget-themo-header\" data-id=\"783015f3\" data-element_type=\"widget\" data-widget_type=\"themo-header.default\"><div class=\"elementor-widget-container\"><div class=\"th-header-wrap\"><div class=\"elementor-icon-box-wrapper \"><div class=\"elementor-icon-box-content\"><h3 class=\"elementor-icon-box-title\"><span style=\"text-decoration: underline;\">Situation<\/span><\/h3><p class=\"elementor-icon-box-description\"> <\/p><\/div><\/div><\/div><\/div><\/div><div class=\"elementor-element elementor-element-381e223 elementor-widget elementor-widget-themo-itinerary\" data-id=\"381e223\" data-element_type=\"widget\" data-widget_type=\"themo-itinerary.default\"><div class=\"elementor-widget-container\"><div class=\"th-itinerary th-itin-narrow th-itin-center\"><div class=\"th-itin-single th-itin-active\"><p> <\/p><div class=\"th-itin-title\">Altitude : 1&#8217;334 m<\/div><div class=\"th-itin-content\"> <\/div><\/div><div class=\"th-itin-single th-itin-active\"><p> <\/p><div class=\"th-itin-title\">13 km from Sierre \/ 9 km from Chalais \/ 11 km from Vissoie \/ 114 km from Lausanne<\/div><div class=\"th-itin-content\"> <\/div><\/div><div class=\"th-itin-single th-itin-active\"><p> <\/p><div class=\"th-itin-title\"><strong>T\u00e9l\u00e9ph\u00e9rique Chalais-Vercorin<\/strong><\/div><div class=\"th-itin-content\"><p>This lowland-mountain link takes you from Chalais to Vercorin, or vice-versa, in just 7 minutes.<br>Free parking (max. 8 hrs.) at the Chalais cable car departure point.<\/p><p>Morning<br>5:45, 6:00, 6:30, 6:45, 7:00, 7:15, 7:30<br>Day<br>8:00-20:00, 1 run every 15 minutes except 10:15 and 16:30.<br>Evening<br>20:30, 21:00, 21:30<\/p><\/div><\/div><div class=\"th-itin-single th-itin-active\"><p> <\/p><div class=\"th-itin-title\">2h from Geneva Airport<\/div><div class=\"th-itin-content\">By train: departing from Geneva for Sierre every hour,<\/div><\/div><div class=\"th-itin-single th-itin-active\"><p> <\/p><div class=\"th-itin-title\">7 ski lifts, 35 km of slopes and a snowpark await skiers and snowboarders.<\/div><div class=\"th-itin-content\">Ideal ski area for families<\/div><\/div><\/div><\/div><\/div>\t\t\t\t\t\t\t\t<\/div>\n\t\t\t\t<div class=\"elementor-element elementor-element-7d84fda elementor-widget elementor-widget-spacer\" data-id=\"7d84fda\" data-element_type=\"widget\" data-e-type=\"widget\" data-widget_type=\"spacer.default\">\n\t\t\t\t\t\t\t<div class=\"elementor-spacer\">\n\t\t\t<div class=\"elementor-spacer-inner\"><\/div>\n\t\t<\/div>\n\t\t\t\t\t\t<\/div>\n\t\t\t\t<\/div>\n\t\t<div class=\"elementor-element elementor-element-2a2ea35 e-con-full e-flex e-con e-child\" data-id=\"2a2ea35\" data-element_type=\"container\" data-e-type=\"container\" data-settings=\"{&quot;jet_parallax_layout_list&quot;:[]}\">\n\t\t\t\t<div class=\"elementor-element elementor-element-3f02079 elementor-widget elementor-widget-heading\" data-id=\"3f02079\" data-element_type=\"widget\" data-e-type=\"widget\" data-widget_type=\"heading.default\">\n\t\t\t\t\t<h2 class=\"elementor-heading-title elementor-size-default\">Contact form<\/h2>\t\t\t\t<\/div>\n\t\t\t\t<div class=\"elementor-element elementor-element-77f945f elementor-button-align-stretch elementor-widget elementor-widget-form\" data-id=\"77f945f\" data-element_type=\"widget\" data-e-type=\"widget\" data-settings=\"{&quot;step_next_label&quot;:&quot;Suivant&quot;,&quot;step_previous_label&quot;:&quot;Pr\\u00e9c\\u00e9dent&quot;,&quot;button_width&quot;:&quot;100&quot;,&quot;step_type&quot;:&quot;number_text&quot;,&quot;step_icon_shape&quot;:&quot;circle&quot;}\" data-widget_type=\"form.default\">\n\t\t\t\t\t\t\t<form class=\"elementor-form\" method=\"post\" name=\"Nouveau formulaire\" aria-label=\"Nouveau formulaire\">\n\t\t\t<input type=\"hidden\" name=\"post_id\" value=\"727\"\/>\n\t\t\t<input type=\"hidden\" name=\"form_id\" value=\"77f945f\"\/>\n\t\t\t<input type=\"hidden\" name=\"referer_title\" value=\"Contact\" \/>\n\n\t\t\t\t\t\t\t<input type=\"hidden\" name=\"queried_id\" value=\"727\"\/>\n\t\t\t\n\t\t\t<div class=\"elementor-form-fields-wrapper elementor-labels-above\">\n\t\t\t\t\t\t\t\t<div class=\"elementor-field-type-text elementor-field-group elementor-column elementor-field-group-name elementor-col-50 elementor-field-required\">\n\t\t\t\t\t\t\t\t\t\t\t\t<label for=\"form-field-name\" class=\"elementor-field-label\">\n\t\t\t\t\t\t\t\tName\t\t\t\t\t\t\t<\/label>\n\t\t\t\t\t\t\t\t\t\t\t\t\t\t<input size=\"1\" type=\"text\" name=\"form_fields[name]\" id=\"form-field-name\" class=\"elementor-field elementor-size-sm  elementor-field-textual\" placeholder=\"Name\" required=\"required\">\n\t\t\t\t\t\t\t\t\t\t\t<\/div>\n\t\t\t\t\t\t\t\t<div class=\"elementor-field-type-text elementor-field-group elementor-column elementor-field-group-field_39dc084 elementor-col-50 elementor-field-required\">\n\t\t\t\t\t\t\t\t\t\t\t\t<label for=\"form-field-field_39dc084\" class=\"elementor-field-label\">\n\t\t\t\t\t\t\t\tSurname\t\t\t\t\t\t\t<\/label>\n\t\t\t\t\t\t\t\t\t\t\t\t\t\t<input size=\"1\" type=\"text\" name=\"form_fields[field_39dc084]\" id=\"form-field-field_39dc084\" class=\"elementor-field elementor-size-sm  elementor-field-textual\" placeholder=\"Surname\" required=\"required\">\n\t\t\t\t\t\t\t\t\t\t\t<\/div>\n\t\t\t\t\t\t\t\t<div class=\"elementor-field-type-tel elementor-field-group elementor-column elementor-field-group-field_c707f98 elementor-col-100 elementor-field-required\">\n\t\t\t\t\t\t\t\t\t\t\t\t<label for=\"form-field-field_c707f98\" class=\"elementor-field-label\">\n\t\t\t\t\t\t\t\tPhone\t\t\t\t\t\t\t<\/label>\n\t\t\t\t\t\t\t\t<input size=\"1\" type=\"tel\" name=\"form_fields[field_c707f98]\" id=\"form-field-field_c707f98\" class=\"elementor-field elementor-size-sm  elementor-field-textual\" placeholder=\"Tel\" required=\"required\" pattern=\"[0-9()#&amp;+*-=.]+\" title=\"Only numbers and phone characters (#, -, *, etc) are accepted.\">\n\n\t\t\t\t\t\t<\/div>\n\t\t\t\t\t\t\t\t<div class=\"elementor-field-type-email elementor-field-group elementor-column elementor-field-group-email elementor-col-100 elementor-field-required\">\n\t\t\t\t\t\t\t\t\t\t\t\t<label for=\"form-field-email\" class=\"elementor-field-label\">\n\t\t\t\t\t\t\t\tE-mail\t\t\t\t\t\t\t<\/label>\n\t\t\t\t\t\t\t\t\t\t\t\t\t\t<input size=\"1\" type=\"email\" name=\"form_fields[email]\" id=\"form-field-email\" class=\"elementor-field elementor-size-sm  elementor-field-textual\" placeholder=\"E-mail\" required=\"required\">\n\t\t\t\t\t\t\t\t\t\t\t<\/div>\n\t\t\t\t\t\t\t\t<div class=\"elementor-field-type-date elementor-field-group elementor-column elementor-field-group-field_bb46a91 elementor-col-100\">\n\t\t\t\t\t\t\t\t\t\t\t\t<label for=\"form-field-field_bb46a91\" class=\"elementor-field-label\">\n\t\t\t\t\t\t\t\tDate de r\u00e9servation\t\t\t\t\t\t\t<\/label>\n\t\t\t\t\t\t\n\t\t<input type=\"date\" name=\"form_fields[field_bb46a91]\" id=\"form-field-field_bb46a91\" class=\"elementor-field elementor-size-sm  elementor-field-textual elementor-date-field\" placeholder=\"Date de r\u00e9servation\" pattern=\"[0-9]{4}-[0-9]{2}-[0-9]{2}\">\n\t\t\t\t\t\t<\/div>\n\t\t\t\t\t\t\t\t<div class=\"elementor-field-type-text\">\n\t\t\t\t\t<input size=\"1\" type=\"text\" name=\"form_fields[field_d596a84]\" id=\"form-field-field_d596a84\" class=\"elementor-field elementor-size-sm \" style=\"display:none !important;\">\t\t\t\t<\/div>\n\t\t\t\t\t\t\t\t<div class=\"elementor-field-type-text elementor-field-group elementor-column elementor-field-group-field_1afbe1f elementor-col-100\">\n\t\t\t\t\t\t\t\t\t\t\t\t<label for=\"form-field-field_1afbe1f\" class=\"elementor-field-label\">\n\t\t\t\t\t\t\t\tSujet\t\t\t\t\t\t\t<\/label>\n\t\t\t\t\t\t\t\t\t\t\t\t\t\t<input size=\"1\" type=\"text\" name=\"form_fields[field_1afbe1f]\" id=\"form-field-field_1afbe1f\" class=\"elementor-field elementor-size-sm  elementor-field-textual\" placeholder=\"Sujet\">\n\t\t\t\t\t\t\t\t\t\t\t<\/div>\n\t\t\t\t\t\t\t\t<div class=\"elementor-field-type-textarea elementor-field-group elementor-column elementor-field-group-message elementor-col-100\">\n\t\t\t\t\t\t\t\t\t\t\t\t<label for=\"form-field-message\" class=\"elementor-field-label\">\n\t\t\t\t\t\t\t\tMessage\t\t\t\t\t\t\t<\/label>\n\t\t\t\t\t\t<textarea class=\"elementor-field-textual elementor-field  elementor-size-sm\" name=\"form_fields[message]\" id=\"form-field-message\" rows=\"4\" placeholder=\"Message\"><\/textarea>\t\t\t\t<\/div>\n\t\t\t\t\t\t\t\t<div class=\"elementor-field-group elementor-column elementor-field-type-submit elementor-col-100 e-form__buttons\">\n\t\t\t\t\t<button class=\"elementor-button elementor-size-sm\" type=\"submit\">\n\t\t\t\t\t\t<span class=\"elementor-button-content-wrapper\">\n\t\t\t\t\t\t\t\t\t\t\t\t\t\t\t\t\t\t\t\t\t\t<span class=\"elementor-button-text\">Send<\/span>\n\t\t\t\t\t\t\t\t\t\t\t\t\t<\/span>\n\t\t\t\t\t<\/button>\n\t\t\t\t<\/div>\n\t\t\t<\/div>\n\t\t<\/form>\n\t\t\t\t\t\t<\/div>\n\t\t\t\t<\/div>\n\t\t\t\t\t<\/div>\n\t\t\t\t<\/div>\n\t\t<div class=\"elementor-element elementor-element-a9e8cf8 e-flex e-con-boxed e-con e-parent\" data-id=\"a9e8cf8\" data-element_type=\"container\" data-e-type=\"container\" data-settings=\"{&quot;jet_parallax_layout_list&quot;:[]}\">\n\t\t\t\t\t<div class=\"e-con-inner\">\n\t\t\t\t<div class=\"elementor-element elementor-element-a333627 elementor-widget elementor-widget-google_maps\" data-id=\"a333627\" data-element_type=\"widget\" data-e-type=\"widget\" data-widget_type=\"google_maps.default\">\n\t\t\t\t\t\t\t<div class=\"elementor-custom-embed\">\n\t\t\t<iframe loading=\"lazy\"\n\t\t\t\t\tsrc=\"https:\/\/maps.google.com\/maps?q=place%20centrale%205%203967%20vercorin&#038;t=m&#038;z=13&#038;output=embed&#038;iwloc=near\"\n\t\t\t\t\ttitle=\"place centrale 5 3967 vercorin\"\n\t\t\t\t\taria-label=\"place centrale 5 3967 vercorin\"\n\t\t\t><\/iframe>\n\t\t<\/div>\n\t\t\t\t\t\t<\/div>\n\t\t\t\t\t<\/div>\n\t\t\t\t<\/div>\n\t\t\t\t<\/div>\n\t\t","protected":false},"excerpt":{"rendered":"<p>Contact Adress Victoria Retreat &amp; Spa Rue Centrale, 5 CH- 3967 Vercorin T\u00e9l\u00e9phone : +41 (0)27 565 90 13 Email : Info@victoria-vercorin.com Free parking behind the hotel, subject to availability Situation Altitude : 1&#8217;334 m 13 km from Sierre \/ 9 km from Chalais \/ 11 km from Vissoie \/ 114 km from Lausanne T\u00e9l\u00e9ph\u00e9rique [&hellip;]<\/p>\n","protected":false},"author":1,"featured_media":726,"parent":0,"menu_order":0,"comment_status":"closed","ping_status":"closed","template":"","meta":{"footnotes":""},"class_list":["post-727","page","type-page","status-publish","has-post-thumbnail","hentry"],"_links":{"self":[{"href":"https:\/\/victoria-vercorin.com\/en\/wp-json\/wp\/v2\/pages\/727","targetHints":{"allow":["GET"]}}],"collection":[{"href":"https:\/\/victoria-vercorin.com\/en\/wp-json\/wp\/v2\/pages"}],"about":[{"href":"https:\/\/victoria-vercorin.com\/en\/wp-json\/wp\/v2\/types\/page"}],"author":[{"embeddable":true,"href":"https:\/\/victoria-vercorin.com\/en\/wp-json\/wp\/v2\/users\/1"}],"replies":[{"embeddable":true,"href":"https:\/\/victoria-vercorin.com\/en\/wp-json\/wp\/v2\/comments?post=727"}],"version-history":[{"count":2,"href":"https:\/\/victoria-vercorin.com\/en\/wp-json\/wp\/v2\/pages\/727\/revisions"}],"predecessor-version":[{"id":1180,"href":"https:\/\/victoria-vercorin.com\/en\/wp-json\/wp\/v2\/pages\/727\/revisions\/1180"}],"wp:featuredmedia":[{"embeddable":true,"href":"https:\/\/victoria-vercorin.com\/en\/wp-json\/wp\/v2\/media\/726"}],"wp:attachment":[{"href":"https:\/\/victoria-vercorin.com\/en\/wp-json\/wp\/v2\/media?parent=727"}],"curies":[{"name":"wp","href":"https:\/\/api.w.org\/{rel}","templated":true}]}}